{"id":4629,"date":"2023-10-16T14:35:18","date_gmt":"2023-10-16T14:35:18","guid":{"rendered":"https:\/\/www.inklandtattoo.fr\/blog\/?page_id=4629"},"modified":"2024-07-31T13:17:18","modified_gmt":"2024-07-31T13:17:18","slug":"pro-team-inkland-tattoo","status":"publish","type":"page","link":"https:\/\/www.inklandtattoo.fr\/blog\/pro-team-inkland-tattoo\/","title":{"rendered":"Pro Team | Inkland Tattoo"},"content":{"rendered":"\t\t<div data-elementor-type=\"wp-page\" data-elementor-id=\"4629\" class=\"elementor elementor-4629\" data-elementor-post-type=\"page\">\n\t\t\t\t\t\t\t\t\t<section class=\"elementor-section elementor-top-section elementor-element elementor-element-476c85b elementor-section-boxed elementor-section-height-default elementor-section-height-default\" data-id=\"476c85b\" data-element_type=\"section\">\n\t\t\t\t\t\t<div class=\"elementor-container elementor-column-gap-default\">\n\t\t\t\t\t<div class=\"elementor-column elementor-col-100 elementor-top-column elementor-element elementor-element-17c4637\" data-id=\"17c4637\" data-element_type=\"column\">\n\t\t\t<div class=\"elementor-widget-wrap elementor-element-populated\">\n\t\t\t\t\t\t\t\t<div class=\"elementor-element elementor-element-5fee7ca elementor-widget elementor-widget-heading\" data-id=\"5fee7ca\" data-element_type=\"widget\" data-widget_type=\"heading.default\">\n\t\t\t\t<div class=\"elementor-widget-container\">\n\t\t\t<h2 class=\"elementor-heading-title elementor-size-default\">PRO TEAM | INKLAND TATTOO<\/h2>\t\t<\/div>\n\t\t\t\t<\/div>\n\t\t\t\t<div class=\"elementor-element elementor-element-39bda4e elementor-widget elementor-widget-spacer\" data-id=\"39bda4e\" data-element_type=\"widget\" data-widget_type=\"spacer.default\">\n\t\t\t\t<div class=\"elementor-widget-container\">\n\t\t\t\t\t<div class=\"elementor-spacer\">\n\t\t\t<div class=\"elementor-spacer-inner\"><\/div>\n\t\t<\/div>\n\t\t\t\t<\/div>\n\t\t\t\t<\/div>\n\t\t\t\t\t<\/div>\n\t\t<\/div>\n\t\t\t\t\t\t\t<\/div>\n\t\t<\/section>\n\t\t\t\t<section class=\"elementor-section elementor-top-section elementor-element elementor-element-2190454 elementor-section-boxed elementor-section-height-default elementor-section-height-default\" data-id=\"2190454\" data-element_type=\"section\">\n\t\t\t\t\t\t<div class=\"elementor-container elementor-column-gap-default\">\n\t\t\t\t\t<div class=\"elementor-column elementor-col-33 elementor-top-column elementor-element elementor-element-60c10c3\" data-id=\"60c10c3\" data-element_type=\"column\">\n\t\t\t<div class=\"elementor-widget-wrap elementor-element-populated\">\n\t\t\t\t\t\t\t\t<div class=\"elementor-element elementor-element-1a109cf elementor--h-position-center elementor--v-position-middle elementor-arrows-position-inside elementor-pagination-position-inside elementor-widget elementor-widget-slides\" data-id=\"1a109cf\" data-element_type=\"widget\" data-settings=\"{&quot;navigation&quot;:&quot;both&quot;,&quot;infinite&quot;:&quot;yes&quot;,&quot;transition&quot;:&quot;slide&quot;,&quot;transition_speed&quot;:500}\" data-widget_type=\"slides.default\">\n\t\t\t\t<div class=\"elementor-widget-container\">\n\t\t\t\t\t<div class=\"elementor-swiper\">\n\t\t\t<div class=\"elementor-slides-wrapper elementor-main-swiper swiper-container\" dir=\"ltr\" data-animation=\"fadeInUp\">\n\t\t\t\t<div class=\"swiper-wrapper elementor-slides\">\n\t\t\t\t\t\t\t\t\t\t<div class=\"elementor-repeater-item-6ae582a swiper-slide\"><div class=\"swiper-slide-bg\" role=\"img\"><\/div><div class=\"swiper-slide-inner\" ><div class=\"swiper-slide-contents\"><div class=\"elementor-slide-heading\">Jenya Myosotis<\/div><div class=\"elementor-slide-description\">Pro Team Inkland Tattoo<\/div><\/div><\/div><\/div><div class=\"elementor-repeater-item-b7c51d8 swiper-slide\"><div class=\"swiper-slide-bg\" role=\"img\"><\/div><div class=\"swiper-slide-inner\" ><div class=\"swiper-slide-contents\"><\/div><\/div><\/div><div class=\"elementor-repeater-item-264f23f swiper-slide\"><div class=\"swiper-slide-bg\" role=\"img\"><\/div><div class=\"swiper-slide-inner\" ><div class=\"swiper-slide-contents\"><\/div><\/div><\/div>\t\t\t\t<\/div>\n\t\t\t\t\t\t\t\t\t\t\t\t\t\t\t<div class=\"swiper-pagination\"><\/div>\n\t\t\t\t\t\t\t\t\t\t\t\t\t\t\t\t<div class=\"elementor-swiper-button elementor-swiper-button-prev\" role=\"button\" tabindex=\"0\">\n\t\t\t\t\t\t\t<i aria-hidden=\"true\" class=\"eicon-chevron-left\"><\/i>\t\t\t\t\t\t\t<span class=\"elementor-screen-only\">Diapositive pr\u00e9c\u00e9dente<\/span>\n\t\t\t\t\t\t<\/div>\n\t\t\t\t\t\t<div class=\"elementor-swiper-button elementor-swiper-button-next\" role=\"button\" tabindex=\"0\">\n\t\t\t\t\t\t\t<i aria-hidden=\"true\" class=\"eicon-chevron-right\"><\/i>\t\t\t\t\t\t\t<span class=\"elementor-screen-only\">Diapositive suivante<\/span>\n\t\t\t\t\t\t<\/div>\n\t\t\t\t\t\t\t\t\t\t\t\t<\/div>\n\t\t<\/div>\n\t\t\t\t<\/div>\n\t\t\t\t<\/div>\n\t\t\t\t<div class=\"elementor-element elementor-element-fada7fb elementor-widget elementor-widget-text-editor\" data-id=\"fada7fb\" data-element_type=\"widget\" data-widget_type=\"text-editor.default\">\n\t\t\t\t<div class=\"elementor-widget-container\">\n\t\t\t\t\t\t\t<p><strong>Jenya Myosotis Tattoo<\/strong><\/p><p><em>Artiste Tatoueuse Franco &#8211; Arm\u00e9nienne<\/em><\/p><p><strong>Chez<\/strong> <em><strong>@myosotis.tattoo<\/strong><\/em><\/p>\t\t\t\t\t\t<\/div>\n\t\t\t\t<\/div>\n\t\t\t\t<div class=\"elementor-element elementor-element-77dc797 elementor-align-center elementor-widget elementor-widget-button\" data-id=\"77dc797\" data-element_type=\"widget\" data-widget_type=\"button.default\">\n\t\t\t\t<div class=\"elementor-widget-container\">\n\t\t\t\t\t<div class=\"elementor-button-wrapper\">\n\t\t\t<a class=\"elementor-button elementor-button-link elementor-size-sm\" href=\"https:\/\/www.instagram.com\/myosotis.tattoo\/?hl=fr\">\n\t\t\t\t\t\t<span class=\"elementor-button-content-wrapper\">\n\t\t\t\t\t\t<span class=\"elementor-button-icon elementor-align-icon-left\">\n\t\t\t\t<i aria-hidden=\"true\" class=\"fab fa-instagram\"><\/i>\t\t\t<\/span>\n\t\t\t\t\t\t<span class=\"elementor-button-text\">Instagram<\/span>\n\t\t<\/span>\n\t\t\t\t\t<\/a>\n\t\t<\/div>\n\t\t\t\t<\/div>\n\t\t\t\t<\/div>\n\t\t\t\t\t<\/div>\n\t\t<\/div>\n\t\t\t\t<div class=\"elementor-column elementor-col-33 elementor-top-column elementor-element elementor-element-3a74db1\" data-id=\"3a74db1\" data-element_type=\"column\">\n\t\t\t<div class=\"elementor-widget-wrap elementor-element-populated\">\n\t\t\t\t\t\t\t\t<div class=\"elementor-element elementor-element-b0bfb16 elementor--h-position-center elementor--v-position-middle elementor-arrows-position-inside elementor-pagination-position-inside elementor-widget elementor-widget-slides\" data-id=\"b0bfb16\" data-element_type=\"widget\" data-settings=\"{&quot;navigation&quot;:&quot;both&quot;,&quot;infinite&quot;:&quot;yes&quot;,&quot;transition&quot;:&quot;slide&quot;,&quot;transition_speed&quot;:500}\" data-widget_type=\"slides.default\">\n\t\t\t\t<div class=\"elementor-widget-container\">\n\t\t\t\t\t<div class=\"elementor-swiper\">\n\t\t\t<div class=\"elementor-slides-wrapper elementor-main-swiper swiper-container\" dir=\"ltr\" data-animation=\"fadeInUp\">\n\t\t\t\t<div class=\"swiper-wrapper elementor-slides\">\n\t\t\t\t\t\t\t\t\t\t<div class=\"elementor-repeater-item-6ae582a swiper-slide\"><div class=\"swiper-slide-bg\" role=\"img\"><\/div><div class=\"swiper-slide-inner\" ><div class=\"swiper-slide-contents\"><div class=\"elementor-slide-heading\">Jenya Myosotis<\/div><div class=\"elementor-slide-description\">Pro Team Inkland Tattoo<\/div><\/div><\/div><\/div><div class=\"elementor-repeater-item-b7c51d8 swiper-slide\"><div class=\"swiper-slide-bg\" role=\"img\"><\/div><div class=\"swiper-slide-inner\" ><div class=\"swiper-slide-contents\"><\/div><\/div><\/div><div class=\"elementor-repeater-item-264f23f swiper-slide\"><div class=\"swiper-slide-bg\" role=\"img\"><\/div><div class=\"swiper-slide-inner\" ><div class=\"swiper-slide-contents\"><\/div><\/div><\/div>\t\t\t\t<\/div>\n\t\t\t\t\t\t\t\t\t\t\t\t\t\t\t<div class=\"swiper-pagination\"><\/div>\n\t\t\t\t\t\t\t\t\t\t\t\t\t\t\t\t<div class=\"elementor-swiper-button elementor-swiper-button-prev\" role=\"button\" tabindex=\"0\">\n\t\t\t\t\t\t\t<i aria-hidden=\"true\" class=\"eicon-chevron-left\"><\/i>\t\t\t\t\t\t\t<span class=\"elementor-screen-only\">Diapositive pr\u00e9c\u00e9dente<\/span>\n\t\t\t\t\t\t<\/div>\n\t\t\t\t\t\t<div class=\"elementor-swiper-button elementor-swiper-button-next\" role=\"button\" tabindex=\"0\">\n\t\t\t\t\t\t\t<i aria-hidden=\"true\" class=\"eicon-chevron-right\"><\/i>\t\t\t\t\t\t\t<span class=\"elementor-screen-only\">Diapositive suivante<\/span>\n\t\t\t\t\t\t<\/div>\n\t\t\t\t\t\t\t\t\t\t\t\t<\/div>\n\t\t<\/div>\n\t\t\t\t<\/div>\n\t\t\t\t<\/div>\n\t\t\t\t<div class=\"elementor-element elementor-element-31a68d3 elementor-widget elementor-widget-text-editor\" data-id=\"31a68d3\" data-element_type=\"widget\" data-widget_type=\"text-editor.default\">\n\t\t\t\t<div class=\"elementor-widget-container\">\n\t\t\t\t\t\t\t<p><strong>Jenya Myosotis Tattoo<\/strong><\/p><p><em>Artiste Tatoueuse Franco &#8211; Arm\u00e9nienne<\/em><\/p><p><strong>Chez<\/strong> <em><strong>@myosotis.tattoo<\/strong><\/em><\/p>\t\t\t\t\t\t<\/div>\n\t\t\t\t<\/div>\n\t\t\t\t<div class=\"elementor-element elementor-element-88d3ed8 elementor-align-center elementor-widget elementor-widget-button\" data-id=\"88d3ed8\" data-element_type=\"widget\" data-widget_type=\"button.default\">\n\t\t\t\t<div class=\"elementor-widget-container\">\n\t\t\t\t\t<div class=\"elementor-button-wrapper\">\n\t\t\t<a class=\"elementor-button elementor-button-link elementor-size-sm\" href=\"https:\/\/www.instagram.com\/myosotis.tattoo\/?hl=fr\">\n\t\t\t\t\t\t<span class=\"elementor-button-content-wrapper\">\n\t\t\t\t\t\t<span class=\"elementor-button-icon elementor-align-icon-left\">\n\t\t\t\t<i aria-hidden=\"true\" class=\"fab fa-instagram\"><\/i>\t\t\t<\/span>\n\t\t\t\t\t\t<span class=\"elementor-button-text\">Instagram<\/span>\n\t\t<\/span>\n\t\t\t\t\t<\/a>\n\t\t<\/div>\n\t\t\t\t<\/div>\n\t\t\t\t<\/div>\n\t\t\t\t\t<\/div>\n\t\t<\/div>\n\t\t\t\t<div class=\"elementor-column elementor-col-33 elementor-top-column elementor-element elementor-element-5ba01db\" data-id=\"5ba01db\" data-element_type=\"column\">\n\t\t\t<div class=\"elementor-widget-wrap\">\n\t\t\t\t\t\t\t\t\t<\/div>\n\t\t<\/div>\n\t\t\t\t\t\t\t<\/div>\n\t\t<\/section>\n\t\t\t\t<section class=\"elementor-section elementor-top-section elementor-element elementor-element-a2948bb elementor-section-boxed elementor-section-height-default elementor-section-height-default\" data-id=\"a2948bb\" data-element_type=\"section\">\n\t\t\t\t\t\t<div class=\"elementor-container elementor-column-gap-default\">\n\t\t\t\t\t<div class=\"elementor-column elementor-col-33 elementor-top-column elementor-element elementor-element-beca2a4\" data-id=\"beca2a4\" data-element_type=\"column\">\n\t\t\t<div class=\"elementor-widget-wrap elementor-element-populated\">\n\t\t\t\t\t\t\t\t<div class=\"elementor-element elementor-element-03bb6e3 elementor--h-position-center elementor--v-position-middle elementor-arrows-position-inside elementor-pagination-position-inside elementor-widget elementor-widget-slides\" data-id=\"03bb6e3\" data-element_type=\"widget\" data-settings=\"{&quot;navigation&quot;:&quot;both&quot;,&quot;infinite&quot;:&quot;yes&quot;,&quot;transition&quot;:&quot;slide&quot;,&quot;transition_speed&quot;:500}\" data-widget_type=\"slides.default\">\n\t\t\t\t<div class=\"elementor-widget-container\">\n\t\t\t\t\t<div class=\"elementor-swiper\">\n\t\t\t<div class=\"elementor-slides-wrapper elementor-main-swiper swiper-container\" dir=\"ltr\" data-animation=\"fadeInUp\">\n\t\t\t\t<div class=\"swiper-wrapper elementor-slides\">\n\t\t\t\t\t\t\t\t\t\t<div class=\"elementor-repeater-item-6ae582a swiper-slide\"><div class=\"swiper-slide-bg\" role=\"img\"><\/div><div class=\"swiper-slide-inner\" ><div class=\"swiper-slide-contents\"><div class=\"elementor-slide-heading\">Jenya Myosotis<\/div><div class=\"elementor-slide-description\">Pro Team Inkland Tattoo<\/div><\/div><\/div><\/div><div class=\"elementor-repeater-item-b7c51d8 swiper-slide\"><div class=\"swiper-slide-bg\" role=\"img\"><\/div><div class=\"swiper-slide-inner\" ><div class=\"swiper-slide-contents\"><\/div><\/div><\/div><div class=\"elementor-repeater-item-264f23f swiper-slide\"><div class=\"swiper-slide-bg\" role=\"img\"><\/div><div class=\"swiper-slide-inner\" ><div class=\"swiper-slide-contents\"><\/div><\/div><\/div>\t\t\t\t<\/div>\n\t\t\t\t\t\t\t\t\t\t\t\t\t\t\t<div class=\"swiper-pagination\"><\/div>\n\t\t\t\t\t\t\t\t\t\t\t\t\t\t\t\t<div class=\"elementor-swiper-button elementor-swiper-button-prev\" role=\"button\" tabindex=\"0\">\n\t\t\t\t\t\t\t<i aria-hidden=\"true\" class=\"eicon-chevron-left\"><\/i>\t\t\t\t\t\t\t<span class=\"elementor-screen-only\">Diapositive pr\u00e9c\u00e9dente<\/span>\n\t\t\t\t\t\t<\/div>\n\t\t\t\t\t\t<div class=\"elementor-swiper-button elementor-swiper-button-next\" role=\"button\" tabindex=\"0\">\n\t\t\t\t\t\t\t<i aria-hidden=\"true\" class=\"eicon-chevron-right\"><\/i>\t\t\t\t\t\t\t<span class=\"elementor-screen-only\">Diapositive suivante<\/span>\n\t\t\t\t\t\t<\/div>\n\t\t\t\t\t\t\t\t\t\t\t\t<\/div>\n\t\t<\/div>\n\t\t\t\t<\/div>\n\t\t\t\t<\/div>\n\t\t\t\t<div class=\"elementor-element elementor-element-6dc645a elementor-widget elementor-widget-text-editor\" data-id=\"6dc645a\" data-element_type=\"widget\" data-widget_type=\"text-editor.default\">\n\t\t\t\t<div class=\"elementor-widget-container\">\n\t\t\t\t\t\t\t<p><strong>Jenya Myosotis Tattoo<\/strong><\/p><p><em>Artiste Tatoueuse Franco &#8211; Arm\u00e9nienne<\/em><\/p><p><strong>Chez<\/strong> <em><strong>@myosotis.tattoo<\/strong><\/em><\/p>\t\t\t\t\t\t<\/div>\n\t\t\t\t<\/div>\n\t\t\t\t<div class=\"elementor-element elementor-element-5593a47 elementor-align-center elementor-widget elementor-widget-button\" data-id=\"5593a47\" data-element_type=\"widget\" data-widget_type=\"button.default\">\n\t\t\t\t<div class=\"elementor-widget-container\">\n\t\t\t\t\t<div class=\"elementor-button-wrapper\">\n\t\t\t<a class=\"elementor-button elementor-button-link elementor-size-sm\" href=\"https:\/\/www.instagram.com\/myosotis.tattoo\/?hl=fr\">\n\t\t\t\t\t\t<span class=\"elementor-button-content-wrapper\">\n\t\t\t\t\t\t<span class=\"elementor-button-icon elementor-align-icon-left\">\n\t\t\t\t<i aria-hidden=\"true\" class=\"fab fa-instagram\"><\/i>\t\t\t<\/span>\n\t\t\t\t\t\t<span class=\"elementor-button-text\">Instagram<\/span>\n\t\t<\/span>\n\t\t\t\t\t<\/a>\n\t\t<\/div>\n\t\t\t\t<\/div>\n\t\t\t\t<\/div>\n\t\t\t\t\t<\/div>\n\t\t<\/div>\n\t\t\t\t<div class=\"elementor-column elementor-col-33 elementor-top-column elementor-element elementor-element-7db0148\" data-id=\"7db0148\" data-element_type=\"column\">\n\t\t\t<div class=\"elementor-widget-wrap elementor-element-populated\">\n\t\t\t\t\t\t\t\t<div class=\"elementor-element elementor-element-9be24b6 elementor--h-position-center elementor--v-position-middle elementor-arrows-position-inside elementor-pagination-position-inside elementor-widget elementor-widget-slides\" data-id=\"9be24b6\" data-element_type=\"widget\" data-settings=\"{&quot;navigation&quot;:&quot;both&quot;,&quot;infinite&quot;:&quot;yes&quot;,&quot;transition&quot;:&quot;slide&quot;,&quot;transition_speed&quot;:500}\" data-widget_type=\"slides.default\">\n\t\t\t\t<div class=\"elementor-widget-container\">\n\t\t\t\t\t<div class=\"elementor-swiper\">\n\t\t\t<div class=\"elementor-slides-wrapper elementor-main-swiper swiper-container\" dir=\"ltr\" data-animation=\"fadeInUp\">\n\t\t\t\t<div class=\"swiper-wrapper elementor-slides\">\n\t\t\t\t\t\t\t\t\t\t<div class=\"elementor-repeater-item-6ae582a swiper-slide\"><div class=\"swiper-slide-bg\" role=\"img\"><\/div><div class=\"swiper-slide-inner\" ><div class=\"swiper-slide-contents\"><div class=\"elementor-slide-heading\">Jenya Myosotis<\/div><div class=\"elementor-slide-description\">Pro Team Inkland Tattoo<\/div><\/div><\/div><\/div><div class=\"elementor-repeater-item-b7c51d8 swiper-slide\"><div class=\"swiper-slide-bg\" role=\"img\"><\/div><div class=\"swiper-slide-inner\" ><div class=\"swiper-slide-contents\"><\/div><\/div><\/div><div class=\"elementor-repeater-item-264f23f swiper-slide\"><div class=\"swiper-slide-bg\" role=\"img\"><\/div><div class=\"swiper-slide-inner\" ><div class=\"swiper-slide-contents\"><\/div><\/div><\/div>\t\t\t\t<\/div>\n\t\t\t\t\t\t\t\t\t\t\t\t\t\t\t<div class=\"swiper-pagination\"><\/div>\n\t\t\t\t\t\t\t\t\t\t\t\t\t\t\t\t<div class=\"elementor-swiper-button elementor-swiper-button-prev\" role=\"button\" tabindex=\"0\">\n\t\t\t\t\t\t\t<i aria-hidden=\"true\" class=\"eicon-chevron-left\"><\/i>\t\t\t\t\t\t\t<span class=\"elementor-screen-only\">Diapositive pr\u00e9c\u00e9dente<\/span>\n\t\t\t\t\t\t<\/div>\n\t\t\t\t\t\t<div class=\"elementor-swiper-button elementor-swiper-button-next\" role=\"button\" tabindex=\"0\">\n\t\t\t\t\t\t\t<i aria-hidden=\"true\" class=\"eicon-chevron-right\"><\/i>\t\t\t\t\t\t\t<span class=\"elementor-screen-only\">Diapositive suivante<\/span>\n\t\t\t\t\t\t<\/div>\n\t\t\t\t\t\t\t\t\t\t\t\t<\/div>\n\t\t<\/div>\n\t\t\t\t<\/div>\n\t\t\t\t<\/div>\n\t\t\t\t<div class=\"elementor-element elementor-element-2ec01b9 elementor-widget elementor-widget-text-editor\" data-id=\"2ec01b9\" data-element_type=\"widget\" data-widget_type=\"text-editor.default\">\n\t\t\t\t<div class=\"elementor-widget-container\">\n\t\t\t\t\t\t\t<p><strong>Jenya Myosotis Tattoo<\/strong><\/p><p><em>Artiste Tatoueuse Franco &#8211; Arm\u00e9nienne<\/em><\/p><p><strong>Chez<\/strong> <em><strong>@myosotis.tattoo<\/strong><\/em><\/p>\t\t\t\t\t\t<\/div>\n\t\t\t\t<\/div>\n\t\t\t\t<div class=\"elementor-element elementor-element-cbbdcaf elementor-align-center elementor-widget elementor-widget-button\" data-id=\"cbbdcaf\" data-element_type=\"widget\" data-widget_type=\"button.default\">\n\t\t\t\t<div class=\"elementor-widget-container\">\n\t\t\t\t\t<div class=\"elementor-button-wrapper\">\n\t\t\t<a class=\"elementor-button elementor-button-link elementor-size-sm\" href=\"https:\/\/www.instagram.com\/myosotis.tattoo\/?hl=fr\">\n\t\t\t\t\t\t<span class=\"elementor-button-content-wrapper\">\n\t\t\t\t\t\t<span class=\"elementor-button-icon elementor-align-icon-left\">\n\t\t\t\t<i aria-hidden=\"true\" class=\"fab fa-instagram\"><\/i>\t\t\t<\/span>\n\t\t\t\t\t\t<span class=\"elementor-button-text\">Instagram<\/span>\n\t\t<\/span>\n\t\t\t\t\t<\/a>\n\t\t<\/div>\n\t\t\t\t<\/div>\n\t\t\t\t<\/div>\n\t\t\t\t\t<\/div>\n\t\t<\/div>\n\t\t\t\t<div class=\"elementor-column elementor-col-33 elementor-top-column elementor-element elementor-element-4fc6955\" data-id=\"4fc6955\" data-element_type=\"column\">\n\t\t\t<div class=\"elementor-widget-wrap\">\n\t\t\t\t\t\t\t\t\t<\/div>\n\t\t<\/div>\n\t\t\t\t\t\t\t<\/div>\n\t\t<\/section>\n\t\t\t\t\t\t\t<\/div>\n\t\t","protected":false},"excerpt":{"rendered":"<p>PRO TEAM | INKLAND TATTOO Jenya MyosotisPro Team Inkland Tattoo Diapositive pr\u00e9c\u00e9dente Diapositive suivante Jenya Myosotis Tattoo Artiste Tatoueuse Franco &#8211; Arm\u00e9nienne Chez @myosotis.tattoo Instagram Jenya MyosotisPro Team Inkland Tattoo Diapositive pr\u00e9c\u00e9dente Diapositive suivante Jenya Myosotis Tattoo Artiste Tatoueuse Franco &#8211; Arm\u00e9nienne Chez @myosotis.tattoo Instagram&#8230;<\/p>\n","protected":false},"author":1,"featured_media":0,"parent":0,"menu_order":0,"comment_status":"closed","ping_status":"closed","template":"","meta":{"footnotes":""},"folder":[],"class_list":["post-4629","page","type-page","status-publish","hentry"],"yoast_head":"<!-- This site is optimized with the Yoast SEO plugin v25.2 - https:\/\/yoast.com\/wordpress\/plugins\/seo\/ -->\n<title>Pro Team | Inkland Tattoo - Inkland Tattoo<\/title>\n<meta name=\"robots\" content=\"index, follow, max-snippet:-1, max-image-preview:large, max-video-preview:-1\" \/>\n<link rel=\"canonical\" href=\"https:\/\/www.inklandtattoo.fr\/blog\/pro-team-inkland-tattoo\/\" \/>\n<meta property=\"og:locale\" content=\"fr_FR\" \/>\n<meta property=\"og:type\" content=\"article\" \/>\n<meta property=\"og:title\" content=\"Pro Team | Inkland Tattoo - Inkland Tattoo\" \/>\n<meta property=\"og:description\" content=\"PRO TEAM | INKLAND TATTOO Jenya MyosotisPro Team Inkland Tattoo Diapositive pr\u00e9c\u00e9dente Diapositive suivante Jenya Myosotis Tattoo Artiste Tatoueuse Franco &#8211; Arm\u00e9nienne Chez @myosotis.tattoo Instagram Jenya MyosotisPro Team Inkland Tattoo Diapositive pr\u00e9c\u00e9dente Diapositive suivante Jenya Myosotis Tattoo Artiste Tatoueuse Franco &#8211; Arm\u00e9nienne Chez @myosotis.tattoo Instagram...\" \/>\n<meta property=\"og:url\" content=\"https:\/\/www.inklandtattoo.fr\/blog\/pro-team-inkland-tattoo\/\" \/>\n<meta property=\"og:site_name\" content=\"Inkland Tattoo\" \/>\n<meta property=\"article:modified_time\" content=\"2024-07-31T13:17:18+00:00\" \/>\n<meta name=\"twitter:card\" content=\"summary_large_image\" \/>\n<meta name=\"twitter:label1\" content=\"Dur\u00e9e de lecture estim\u00e9e\" \/>\n\t<meta name=\"twitter:data1\" content=\"1 minute\" \/>\n<script type=\"application\/ld+json\" class=\"yoast-schema-graph\">{\"@context\":\"https:\/\/schema.org\",\"@graph\":[{\"@type\":\"WebPage\",\"@id\":\"https:\/\/www.inklandtattoo.fr\/blog\/pro-team-inkland-tattoo\/\",\"url\":\"https:\/\/www.inklandtattoo.fr\/blog\/pro-team-inkland-tattoo\/\",\"name\":\"Pro Team | Inkland Tattoo - Inkland Tattoo\",\"isPartOf\":{\"@id\":\"https:\/\/www.inklandtattoo.fr\/blog\/#website\"},\"datePublished\":\"2023-10-16T14:35:18+00:00\",\"dateModified\":\"2024-07-31T13:17:18+00:00\",\"breadcrumb\":{\"@id\":\"https:\/\/www.inklandtattoo.fr\/blog\/pro-team-inkland-tattoo\/#breadcrumb\"},\"inLanguage\":\"fr-FR\",\"potentialAction\":[{\"@type\":\"ReadAction\",\"target\":[\"https:\/\/www.inklandtattoo.fr\/blog\/pro-team-inkland-tattoo\/\"]}]},{\"@type\":\"BreadcrumbList\",\"@id\":\"https:\/\/www.inklandtattoo.fr\/blog\/pro-team-inkland-tattoo\/#breadcrumb\",\"itemListElement\":[{\"@type\":\"ListItem\",\"position\":1,\"name\":\"Accueil\",\"item\":\"https:\/\/www.inklandtattoo.fr\/blog\/\"},{\"@type\":\"ListItem\",\"position\":2,\"name\":\"Pro Team | Inkland Tattoo\"}]},{\"@type\":\"WebSite\",\"@id\":\"https:\/\/www.inklandtattoo.fr\/blog\/#website\",\"url\":\"https:\/\/www.inklandtattoo.fr\/blog\/\",\"name\":\"Inkland Tattoo\",\"description\":\"France\",\"publisher\":{\"@id\":\"https:\/\/www.inklandtattoo.fr\/blog\/#organization\"},\"potentialAction\":[{\"@type\":\"SearchAction\",\"target\":{\"@type\":\"EntryPoint\",\"urlTemplate\":\"https:\/\/www.inklandtattoo.fr\/blog\/?s={search_term_string}\"},\"query-input\":{\"@type\":\"PropertyValueSpecification\",\"valueRequired\":true,\"valueName\":\"search_term_string\"}}],\"inLanguage\":\"fr-FR\"},{\"@type\":\"Organization\",\"@id\":\"https:\/\/www.inklandtattoo.fr\/blog\/#organization\",\"name\":\"Inkland Tattoo\",\"url\":\"https:\/\/www.inklandtattoo.fr\/blog\/\",\"logo\":{\"@type\":\"ImageObject\",\"inLanguage\":\"fr-FR\",\"@id\":\"https:\/\/www.inklandtattoo.fr\/blog\/#\/schema\/logo\/image\/\",\"url\":\"https:\/\/www.inklandtattoo.fr\/blog\/wp-content\/uploads\/2021\/04\/LOGO-PANDA-2-2.png\",\"contentUrl\":\"https:\/\/www.inklandtattoo.fr\/blog\/wp-content\/uploads\/2021\/04\/LOGO-PANDA-2-2.png\",\"width\":500,\"height\":256,\"caption\":\"Inkland Tattoo\"},\"image\":{\"@id\":\"https:\/\/www.inklandtattoo.fr\/blog\/#\/schema\/logo\/image\/\"}}]}<\/script>\n<!-- \/ Yoast SEO plugin. -->","yoast_head_json":{"title":"Pro Team | Inkland Tattoo - Inkland Tattoo","robots":{"index":"index","follow":"follow","max-snippet":"max-snippet:-1","max-image-preview":"max-image-preview:large","max-video-preview":"max-video-preview:-1"},"canonical":"https:\/\/www.inklandtattoo.fr\/blog\/pro-team-inkland-tattoo\/","og_locale":"fr_FR","og_type":"article","og_title":"Pro Team | Inkland Tattoo - Inkland Tattoo","og_description":"PRO TEAM | INKLAND TATTOO Jenya MyosotisPro Team Inkland Tattoo Diapositive pr\u00e9c\u00e9dente Diapositive suivante Jenya Myosotis Tattoo Artiste Tatoueuse Franco &#8211; Arm\u00e9nienne Chez @myosotis.tattoo Instagram Jenya MyosotisPro Team Inkland Tattoo Diapositive pr\u00e9c\u00e9dente Diapositive suivante Jenya Myosotis Tattoo Artiste Tatoueuse Franco &#8211; Arm\u00e9nienne Chez @myosotis.tattoo Instagram...","og_url":"https:\/\/www.inklandtattoo.fr\/blog\/pro-team-inkland-tattoo\/","og_site_name":"Inkland Tattoo","article_modified_time":"2024-07-31T13:17:18+00:00","twitter_card":"summary_large_image","twitter_misc":{"Dur\u00e9e de lecture estim\u00e9e":"1 minute"},"schema":{"@context":"https:\/\/schema.org","@graph":[{"@type":"WebPage","@id":"https:\/\/www.inklandtattoo.fr\/blog\/pro-team-inkland-tattoo\/","url":"https:\/\/www.inklandtattoo.fr\/blog\/pro-team-inkland-tattoo\/","name":"Pro Team | Inkland Tattoo - Inkland Tattoo","isPartOf":{"@id":"https:\/\/www.inklandtattoo.fr\/blog\/#website"},"datePublished":"2023-10-16T14:35:18+00:00","dateModified":"2024-07-31T13:17:18+00:00","breadcrumb":{"@id":"https:\/\/www.inklandtattoo.fr\/blog\/pro-team-inkland-tattoo\/#breadcrumb"},"inLanguage":"fr-FR","potentialAction":[{"@type":"ReadAction","target":["https:\/\/www.inklandtattoo.fr\/blog\/pro-team-inkland-tattoo\/"]}]},{"@type":"BreadcrumbList","@id":"https:\/\/www.inklandtattoo.fr\/blog\/pro-team-inkland-tattoo\/#breadcrumb","itemListElement":[{"@type":"ListItem","position":1,"name":"Accueil","item":"https:\/\/www.inklandtattoo.fr\/blog\/"},{"@type":"ListItem","position":2,"name":"Pro Team | Inkland Tattoo"}]},{"@type":"WebSite","@id":"https:\/\/www.inklandtattoo.fr\/blog\/#website","url":"https:\/\/www.inklandtattoo.fr\/blog\/","name":"Inkland Tattoo","description":"France","publisher":{"@id":"https:\/\/www.inklandtattoo.fr\/blog\/#organization"},"potentialAction":[{"@type":"SearchAction","target":{"@type":"EntryPoint","urlTemplate":"https:\/\/www.inklandtattoo.fr\/blog\/?s={search_term_string}"},"query-input":{"@type":"PropertyValueSpecification","valueRequired":true,"valueName":"search_term_string"}}],"inLanguage":"fr-FR"},{"@type":"Organization","@id":"https:\/\/www.inklandtattoo.fr\/blog\/#organization","name":"Inkland Tattoo","url":"https:\/\/www.inklandtattoo.fr\/blog\/","logo":{"@type":"ImageObject","inLanguage":"fr-FR","@id":"https:\/\/www.inklandtattoo.fr\/blog\/#\/schema\/logo\/image\/","url":"https:\/\/www.inklandtattoo.fr\/blog\/wp-content\/uploads\/2021\/04\/LOGO-PANDA-2-2.png","contentUrl":"https:\/\/www.inklandtattoo.fr\/blog\/wp-content\/uploads\/2021\/04\/LOGO-PANDA-2-2.png","width":500,"height":256,"caption":"Inkland Tattoo"},"image":{"@id":"https:\/\/www.inklandtattoo.fr\/blog\/#\/schema\/logo\/image\/"}}]}},"_links":{"self":[{"href":"https:\/\/www.inklandtattoo.fr\/blog\/wp-json\/wp\/v2\/pages\/4629","targetHints":{"allow":["GET"]}}],"collection":[{"href":"https:\/\/www.inklandtattoo.fr\/blog\/wp-json\/wp\/v2\/pages"}],"about":[{"href":"https:\/\/www.inklandtattoo.fr\/blog\/wp-json\/wp\/v2\/types\/page"}],"author":[{"embeddable":true,"href":"https:\/\/www.inklandtattoo.fr\/blog\/wp-json\/wp\/v2\/users\/1"}],"replies":[{"embeddable":true,"href":"https:\/\/www.inklandtattoo.fr\/blog\/wp-json\/wp\/v2\/comments?post=4629"}],"version-history":[{"count":7,"href":"https:\/\/www.inklandtattoo.fr\/blog\/wp-json\/wp\/v2\/pages\/4629\/revisions"}],"predecessor-version":[{"id":5310,"href":"https:\/\/www.inklandtattoo.fr\/blog\/wp-json\/wp\/v2\/pages\/4629\/revisions\/5310"}],"wp:attachment":[{"href":"https:\/\/www.inklandtattoo.fr\/blog\/wp-json\/wp\/v2\/media?parent=4629"}],"wp:term":[{"taxonomy":"folder","embeddable":true,"href":"https:\/\/www.inklandtattoo.fr\/blog\/wp-json\/wp\/v2\/folder?post=4629"}],"curies":[{"name":"wp","href":"https:\/\/api.w.org\/{rel}","templated":true}]}}